{"id":2,"date":"2025-09-10T21:46:17","date_gmt":"2025-09-10T18:46:17","guid":{"rendered":"https:\/\/tcc.cc11.ru\/?page_id=2"},"modified":"2025-09-17T16:14:06","modified_gmt":"2025-09-17T07:14:06","slug":"main","status":"publish","type":"page","link":"https:\/\/sgcompany.co.kr\/vi\/","title":{"rendered":"Gi\u1edbi thi\u1ec7u v\u1ec1 SG Properties"},"content":{"rendered":"<p>SG Properties chuy\u00ean cung c\u1ea5p c\u00e1c gi\u1ea3i ph\u00e1p cho c\u00e1c \u1ee9ng d\u1ee5ng c\u1ee7a kh\u00e1ch h\u00e0ng.Ch\u00fang t\u00f4i n\u1ed7 l\u1ef1c kh\u00f4ng ch\u1ec9 l\u00e0 m\u1ed9t nh\u00e0 cung c\u1ea5p, m\u00e0 c\u00f2n h\u01b0\u1edbng t\u1edbi tr\u1edf th\u00e0nh \u0111\u1ed1i t\u00e1c chi\u1ebfn l\u01b0\u1ee3c, h\u1ed7 tr\u1ee3 kh\u00e1ch h\u00e0ng \u0111\u1ea1t \u0111\u01b0\u1ee3c m\u1ee5c ti\u00eau th\u00f4ng qua c\u00e1c s\u1ea3n ph\u1ea9m ch\u1ea5t l\u01b0\u1ee3ng cao v\u00e0 chuy\u00ean m\u00f4n k\u1ef9 thu\u1eadt.<\/p>","protected":false},"excerpt":{"rendered":"<p>SG Properties chuy\u00ean cung c\u1ea5p c\u00e1c gi\u1ea3i ph\u00e1p cho c\u00e1c \u1ee9ng d\u1ee5ng c\u1ee7a kh\u00e1ch h\u00e0ng.Ch\u00fang t\u00f4i n\u1ed7 l\u1ef1c kh\u00f4ng ch\u1ec9 l\u00e0 m\u1ed9t nh\u00e0 cung c\u1ea5p, m\u00e0 c\u00f2n h\u01b0\u1edbng t\u1edbi tr\u1edf th\u00e0nh \u0111\u1ed1i t\u00e1c chi\u1ebfn l\u01b0\u1ee3c, h\u1ed7 tr\u1ee3 kh\u00e1ch h\u00e0ng \u0111\u1ea1t \u0111\u01b0\u1ee3c m\u1ee5c ti\u00eau th\u00f4ng qua c\u00e1c s\u1ea3n ph\u1ea9m ch\u1ea5t l\u01b0\u1ee3ng cao v\u00e0 chuy\u00ean m\u00f4n k\u1ef9 thu\u1eadt.<\/p>","protected":false},"author":2,"featured_media":0,"parent":0,"menu_order":0,"comment_status":"closed","ping_status":"closed","template":"","meta":{"footnotes":""},"class_list":["post-2","page","type-page","status-publish","hentry"],"acf":[],"_links":{"self":[{"href":"https:\/\/sgcompany.co.kr\/vi\/wp-json\/wp\/v2\/pages\/2","targetHints":{"allow":["GET"]}}],"collection":[{"href":"https:\/\/sgcompany.co.kr\/vi\/wp-json\/wp\/v2\/pages"}],"about":[{"href":"https:\/\/sgcompany.co.kr\/vi\/wp-json\/wp\/v2\/types\/page"}],"author":[{"embeddable":true,"href":"https:\/\/sgcompany.co.kr\/vi\/wp-json\/wp\/v2\/users\/2"}],"replies":[{"embeddable":true,"href":"https:\/\/sgcompany.co.kr\/vi\/wp-json\/wp\/v2\/comments?post=2"}],"version-history":[{"count":5,"href":"https:\/\/sgcompany.co.kr\/vi\/wp-json\/wp\/v2\/pages\/2\/revisions"}],"predecessor-version":[{"id":161,"href":"https:\/\/sgcompany.co.kr\/vi\/wp-json\/wp\/v2\/pages\/2\/revisions\/161"}],"wp:attachment":[{"href":"https:\/\/sgcompany.co.kr\/vi\/wp-json\/wp\/v2\/media?parent=2"}],"curies":[{"name":"wp","href":"https:\/\/api.w.org\/{rel}","templated":true}]}}