{"id":38,"date":"2025-09-11T13:01:14","date_gmt":"2025-09-11T10:01:14","guid":{"rendered":"https:\/\/tcc.cc11.ru\/?page_id=38"},"modified":"2025-09-17T16:14:13","modified_gmt":"2025-09-17T07:14:13","slug":"about-us","status":"publish","type":"page","link":"https:\/\/sgcompany.co.kr\/vi\/about-us\/","title":{"rendered":"V\u1ec1 ch\u00fang t\u00f4i"},"content":{"rendered":"<p>\u0110\u01b0\u1ee3c th\u00e0nh l\u1eadp v\u00e0o n\u0103m 2019, SG Properties l\u00e0 nh\u00e0 cung c\u1ea5p gi\u1ea3i ph\u00e1p v\u1ec1 h\u1ee3p kim kim lo\u1ea1i v\u00e0 nh\u1ef1a k\u1ef9 thu\u1eadt, mang \u0111\u1ebfn d\u1ecbch v\u1ee5 ch\u00ednh x\u00e1c v\u00e0 \u0111\u00e1ng tin c\u1eady tr\u00ean nhi\u1ec1u ng\u00e0nh c\u00f4ng nghi\u1ec7p.<\/p>\n\n\n\n<h2 class=\"wp-block-heading\">S\u1ee9 m\u1ec7nh c\u1ee7a ch\u00fang t\u00f4i<\/h2>\n\n\n\n<p>S\u1ee9 m\u1ec7nh c\u1ee7a ch\u00fang t\u00f4i l\u00e0 nh\u00e0 cung c\u1ea5p gi\u1ea3i ph\u00e1p bao g\u1ed3m kim lo\u1ea1i, d\u1ecbch v\u1ee5 c\u1eaft, gia c\u00f4ng anod h\u00f3a v\u00e0 nhi\u1ec1u h\u01a1n n\u1eefa. Ch\u00fang t\u00f4i cam k\u1ebft li\u00ean t\u1ee5c mang l\u1ea1i gi\u00e1 tr\u1ecb v\u00e0 v\u01b0\u1ee3t qua mong \u0111\u1ee3i, ph\u1ea5n \u0111\u1ea5u tr\u1edf th\u00e0nh nh\u00e0 cung c\u1ea5p gi\u1ea3i ph\u00e1p \u0111\u01b0\u1ee3c \u01b0a chu\u1ed9ng nh\u1ea5t trong ng\u00e0nh.<\/p>\n\n\n\n<h2 class=\"wp-block-heading\">Gi\u00e1 tr\u1ecb c\u1ee7a ch\u00fang t\u00f4i<\/h2>\n\n\n\n<p>T\u1ea1i SG Properties, c\u00e1c gi\u00e1 tr\u1ecb c\u1ed1t l\u00f5i c\u1ee7a ch\u00fang t\u00f4i l\u00e0 n\u1ec1n t\u1ea3ng cho m\u1ecdi vi\u1ec7c ch\u00fang t\u00f4i l\u00e0m.<\/p>\n\n\n\n<ul class=\"wp-block-list\">\n<li><strong>Ch\u1ea5t l\u01b0\u1ee3ng<\/strong>\u00a0Ch\u00fang t\u00f4i cam k\u1ebft cung c\u1ea5p h\u1ee3p kim nh\u00f4m, kim lo\u1ea1i \u0111\u1eb7c bi\u1ec7t v\u00e0 nh\u1ef1a k\u1ef9 thu\u1eadt \u0111\u00e1p \u1ee9ng c\u00e1c ti\u00eau chu\u1ea9n ng\u00e0nh c\u00f4ng nghi\u1ec7p cao nh\u1ea5t.<\/li>\n\n\n\n<li><strong>Ch\u00ednh tr\u1ef1c<\/strong>\u00a0Ch\u00fang t\u00f4i ti\u1ebfn h\u00e0nh kinh doanh v\u1edbi s\u1ef1 trung th\u1ef1c v\u00e0 minh b\u1ea1ch, x\u00e2y d\u1ef1ng l\u00f2ng tin v\u1edbi kh\u00e1ch h\u00e0ng v\u00e0 \u0111\u1ed1i t\u00e1c.<\/li>\n\n\n\n<li><strong>T\u1eadp trung v\u00e0o kh\u00e1ch h\u00e0ng<\/strong>\u00a0Ch\u00fang t\u00f4i \u01b0u ti\u00ean nhu c\u1ea7u c\u1ee7a kh\u00e1ch h\u00e0ng b\u1eb1ng c\u00e1ch cung c\u1ea5p d\u1ecbch v\u1ee5 \u0111\u01b0\u1ee3c thi\u1ebft k\u1ebf ri\u00eang v\u00e0 c\u00e1c gi\u1ea3i ph\u00e1p t\u00f9y ch\u1ec9nh gi\u1ea3i quy\u1ebft c\u00e1c y\u00eau c\u1ea7u \u0111\u1ed9c \u0111\u00e1o c\u1ee7a h\u1ecd.<\/li>\n\n\n\n<li><strong>\u0110\u1ed5i m\u1edbi<\/strong>\u00a0Ch\u00fang t\u00f4i li\u00ean t\u1ee5c t\u00ecm ki\u1ebfm nh\u1eefng c\u00e1ch th\u1ee9c m\u1edbi v\u00e0 c\u1ea3i ti\u1ebfn \u0111\u1ec3 ph\u1ee5c v\u1ee5 kh\u00e1ch h\u00e0ng b\u1eb1ng c\u00e1ch \u00e1p d\u1ee5ng nh\u1eefng ti\u1ebfn b\u1ed9 c\u00f4ng ngh\u1ec7 v\u00e0 th\u1ef1c ti\u1ec5n t\u1ed1t nh\u1ea5t trong ng\u00e0nh.<\/li>\n\n\n\n<li><strong>\u0110\u00e1ng tin c\u1eady<\/strong>\u00a0Ch\u00fang t\u00f4i n\u1ed7 l\u1ef1c cung c\u1ea5p c\u00e1c s\u1ea3n ph\u1ea9m \u0111\u00e1ng tin c\u1eady v\u00e0 d\u1ecbch v\u1ee5 k\u1ecbp th\u1eddi m\u00e0 kh\u00e1ch h\u00e0ng c\u00f3 th\u1ec3 tin t\u01b0\u1edfng.<\/li>\n<\/ul>\n\n\n<div class=\"wp-block-image\">\n<figure class=\"aligncenter size-large\"><img loading=\"lazy\" decoding=\"async\" width=\"1024\" height=\"426\" src=\"https:\/\/sgcompany.co.kr\/wp-content\/uploads\/2025\/09\/d27982e0a3fcf97fc8e4c1bf1a3e8c0cab9db4cb-1024x426.jpg\" alt=\"\" class=\"wp-image-49\" srcset=\"https:\/\/sgcompany.co.kr\/wp-content\/uploads\/2025\/09\/d27982e0a3fcf97fc8e4c1bf1a3e8c0cab9db4cb-1024x426.jpg 1024w, https:\/\/sgcompany.co.kr\/wp-content\/uploads\/2025\/09\/d27982e0a3fcf97fc8e4c1bf1a3e8c0cab9db4cb-300x125.jpg 300w, https:\/\/sgcompany.co.kr\/wp-content\/uploads\/2025\/09\/d27982e0a3fcf97fc8e4c1bf1a3e8c0cab9db4cb-768x319.jpg 768w, https:\/\/sgcompany.co.kr\/wp-content\/uploads\/2025\/09\/d27982e0a3fcf97fc8e4c1bf1a3e8c0cab9db4cb-1536x638.jpg 1536w, https:\/\/sgcompany.co.kr\/wp-content\/uploads\/2025\/09\/d27982e0a3fcf97fc8e4c1bf1a3e8c0cab9db4cb.jpg 1920w\" sizes=\"auto, (max-width: 1024px) 100vw, 1024px\" \/><\/figure><\/div>","protected":false},"excerpt":{"rendered":"<p>Founded in 2019, SG Properties is a solution provider of metal alloys and engineering plastic , delivering precise and reliable services across a wide range of industries. Our reputation for excellence is built on a steadfast commitment to quality, customer satisfaction, and innovative solutions. Our Mission Our mission is solution provider including metals, cutting services, [&hellip;]<\/p>","protected":false},"author":2,"featured_media":0,"parent":0,"menu_order":0,"comment_status":"closed","ping_status":"closed","template":"","meta":{"footnotes":""},"class_list":["post-38","page","type-page","status-publish","hentry"],"acf":[],"_links":{"self":[{"href":"https:\/\/sgcompany.co.kr\/vi\/wp-json\/wp\/v2\/pages\/38","targetHints":{"allow":["GET"]}}],"collection":[{"href":"https:\/\/sgcompany.co.kr\/vi\/wp-json\/wp\/v2\/pages"}],"about":[{"href":"https:\/\/sgcompany.co.kr\/vi\/wp-json\/wp\/v2\/types\/page"}],"author":[{"embeddable":true,"href":"https:\/\/sgcompany.co.kr\/vi\/wp-json\/wp\/v2\/users\/2"}],"replies":[{"embeddable":true,"href":"https:\/\/sgcompany.co.kr\/vi\/wp-json\/wp\/v2\/comments?post=38"}],"version-history":[{"count":2,"href":"https:\/\/sgcompany.co.kr\/vi\/wp-json\/wp\/v2\/pages\/38\/revisions"}],"predecessor-version":[{"id":162,"href":"https:\/\/sgcompany.co.kr\/vi\/wp-json\/wp\/v2\/pages\/38\/revisions\/162"}],"wp:attachment":[{"href":"https:\/\/sgcompany.co.kr\/vi\/wp-json\/wp\/v2\/media?parent=38"}],"curies":[{"name":"wp","href":"https:\/\/api.w.org\/{rel}","templated":true}]}}