{"id":41,"date":"2025-09-11T13:01:36","date_gmt":"2025-09-11T10:01:36","guid":{"rendered":"https:\/\/tcc.cc11.ru\/?page_id=41"},"modified":"2025-09-17T16:14:35","modified_gmt":"2025-09-17T07:14:35","slug":"products-and-services","status":"publish","type":"page","link":"https:\/\/sgcompany.co.kr\/vi\/products-and-services\/","title":{"rendered":"D\u1ecbch v\u1ee5 c\u1ee7a ch\u00fang t\u00f4i"},"content":{"rendered":"<p>SG Properties cung c\u1ea5p m\u1ed9t b\u1ed9 d\u1ecbch v\u1ee5 to\u00e0n di\u1ec7n \u0111\u01b0\u1ee3c thi\u1ebft k\u1ebf \u0111\u1ec3 \u0111\u00e1p \u1ee9ng nhu c\u1ea7u \u0111a d\u1ea1ng c\u1ee7a kh\u00e1ch h\u00e0ng trong ng\u00e0nh kim lo\u1ea1i v\u00e0 nh\u1ef1a k\u1ef9 thu\u1eadt.<\/p>","protected":false},"excerpt":{"rendered":"<p>SG Properties cung c\u1ea5p m\u1ed9t b\u1ed9 d\u1ecbch v\u1ee5 to\u00e0n di\u1ec7n \u0111\u01b0\u1ee3c thi\u1ebft k\u1ebf \u0111\u1ec3 \u0111\u00e1p \u1ee9ng nhu c\u1ea7u \u0111a d\u1ea1ng c\u1ee7a kh\u00e1ch h\u00e0ng trong ng\u00e0nh kim lo\u1ea1i v\u00e0 nh\u1ef1a k\u1ef9 thu\u1eadt.<\/p>","protected":false},"author":2,"featured_media":0,"parent":0,"menu_order":0,"comment_status":"closed","ping_status":"closed","template":"service.php","meta":{"footnotes":""},"class_list":["post-41","page","type-page","status-publish","hentry"],"acf":[],"_links":{"self":[{"href":"https:\/\/sgcompany.co.kr\/vi\/wp-json\/wp\/v2\/pages\/41","targetHints":{"allow":["GET"]}}],"collection":[{"href":"https:\/\/sgcompany.co.kr\/vi\/wp-json\/wp\/v2\/pages"}],"about":[{"href":"https:\/\/sgcompany.co.kr\/vi\/wp-json\/wp\/v2\/types\/page"}],"author":[{"embeddable":true,"href":"https:\/\/sgcompany.co.kr\/vi\/wp-json\/wp\/v2\/users\/2"}],"replies":[{"embeddable":true,"href":"https:\/\/sgcompany.co.kr\/vi\/wp-json\/wp\/v2\/comments?post=41"}],"version-history":[{"count":4,"href":"https:\/\/sgcompany.co.kr\/vi\/wp-json\/wp\/v2\/pages\/41\/revisions"}],"predecessor-version":[{"id":165,"href":"https:\/\/sgcompany.co.kr\/vi\/wp-json\/wp\/v2\/pages\/41\/revisions\/165"}],"wp:attachment":[{"href":"https:\/\/sgcompany.co.kr\/vi\/wp-json\/wp\/v2\/media?parent=41"}],"curies":[{"name":"wp","href":"https:\/\/api.w.org\/{rel}","templated":true}]}}